{"id":2952,"date":"2024-12-10T19:56:25","date_gmt":"2024-12-10T18:56:25","guid":{"rendered":"https:\/\/dobrodziejdzieci.pl\/?page_id=2952"},"modified":"2024-12-10T20:07:54","modified_gmt":"2024-12-10T19:07:54","slug":"nasi-podopieczni","status":"publish","type":"page","link":"https:\/\/dobrodziejdzieci.pl\/?page_id=2952","title":{"rendered":"Nasi Podopieczni"},"content":{"rendered":"\t\t<div data-elementor-type=\"wp-page\" data-elementor-id=\"2952\" class=\"elementor elementor-2952\">\n\t\t\t\t<div class=\"elementor-element elementor-element-3a9fade e-flex e-con-boxed wpr-particle-no wpr-jarallax-no wpr-parallax-no wpr-sticky-section-no e-con e-parent\" data-id=\"3a9fade\" data-element_type=\"container\" data-e-type=\"container\">\n\t\t\t\t\t<div class=\"e-con-inner\">\n\t\t<div class=\"elementor-element elementor-element-2153b48 e-con-full e-flex wpr-particle-no wpr-jarallax-no wpr-parallax-no wpr-sticky-section-no e-con e-child\" data-id=\"2153b48\" data-element_type=\"container\" data-e-type=\"container\" data-settings=\"{&quot;background_background&quot;:&quot;classic&quot;}\">\n\t\t\t\t<div class=\"elementor-element elementor-element-38b4648 elementor-widget elementor-widget-heading\" data-id=\"38b4648\" data-element_type=\"widget\" data-e-type=\"widget\" data-widget_type=\"heading.default\">\n\t\t\t\t<div class=\"elementor-widget-container\">\n\t\t\t\t\t<h2 class=\"elementor-heading-title elementor-size-default\">Nasi  Podopieczni<\/h2>\t\t\t\t<\/div>\n\t\t\t\t<\/div>\n\t\t\t\t<\/div>\n\t\t\t\t<div class=\"elementor-element elementor-element-b5fcd45 wpr-grid-columns-3 wpr-grid-columns--tablet2 wpr-grid-columns--laptop3 wpr-grid-columns--mobile1 wpr-grid-pagination-center wpr-item-styles-inner elementor-widget elementor-widget-wpr-grid\" data-id=\"b5fcd45\" data-element_type=\"widget\" data-e-type=\"widget\" data-widget_type=\"wpr-grid.default\">\n\t\t\t\t<div class=\"elementor-widget-container\">\n\t\t\t\t\t<ul class=\"wpr-grid-filters elementor-clearfix wpr-grid-filters-sep-right\"><li class=\" wpr-pointer-none wpr-pointer-line-fx wpr-pointer-fx-none\"><span  data-filter=\"*\" class=\"wpr-grid-filters-item wpr-active-filter \">All Posts<\/span><em class=\"wpr-grid-filters-sep\"><\/em><\/li><li class=\" wpr-pointer-none wpr-pointer-line-fx wpr-pointer-fx-none\"><span   data-ajax-filter=[\"category\",\"nasi-podopieczni\"]  data-filter=\".category-nasi-podopieczni\">Nasi Podopieczni<\/span><em class=\"wpr-grid-filters-sep\"><\/em><\/li><\/ul><section class=\"wpr-grid elementor-clearfix\" data-settings=\"{&quot;layout&quot;:&quot;fitRows&quot;,&quot;stick_last_element_to_bottom&quot;:&quot;&quot;,&quot;columns_desktop&quot;:&quot;3&quot;,&quot;gutter_hr&quot;:40,&quot;gutter_hr_mobile&quot;:40,&quot;gutter_hr_mobile_extra&quot;:40,&quot;gutter_hr_tablet&quot;:40,&quot;gutter_hr_tablet_extra&quot;:40,&quot;gutter_hr_laptop&quot;:40,&quot;gutter_hr_widescreen&quot;:40,&quot;gutter_vr&quot;:40,&quot;gutter_vr_mobile&quot;:40,&quot;gutter_vr_mobile_extra&quot;:40,&quot;gutter_vr_tablet&quot;:40,&quot;gutter_vr_tablet_extra&quot;:40,&quot;gutter_vr_laptop&quot;:40,&quot;gutter_vr_widescreen&quot;:40,&quot;animation&quot;:&quot;default&quot;,&quot;animation_duration&quot;:0.3,&quot;animation_delay&quot;:0.1,&quot;deeplinking&quot;:&quot;&quot;,&quot;filters_linkable&quot;:&quot;no&quot;,&quot;filters_default_filter&quot;:&quot;&quot;,&quot;filters_count&quot;:&quot;&quot;,&quot;filters_hide_empty&quot;:&quot;yes&quot;,&quot;filters_animation&quot;:&quot;default&quot;,&quot;filters_animation_duration&quot;:0.3,&quot;filters_animation_delay&quot;:0.1,&quot;pagination_type&quot;:&quot;load-more&quot;,&quot;pagination_max_pages&quot;:6,&quot;lightbox&quot;:{&quot;selector&quot;:&quot;.wpr-grid-image-wrap&quot;,&quot;iframeMaxWidth&quot;:&quot;60%&quot;,&quot;hash&quot;:false,&quot;autoplay&quot;:&quot;true&quot;,&quot;pause&quot;:5000,&quot;progressBar&quot;:&quot;true&quot;,&quot;counter&quot;:&quot;true&quot;,&quot;controls&quot;:&quot;true&quot;,&quot;getCaptionFromTitleOrAlt&quot;:&quot;true&quot;,&quot;thumbnail&quot;:&quot;&quot;,&quot;showThumbByDefault&quot;:&quot;&quot;,&quot;share&quot;:&quot;&quot;,&quot;zoom&quot;:&quot;true&quot;,&quot;fullScreen&quot;:&quot;true&quot;,&quot;download&quot;:&quot;true&quot;}}\"><article class=\"wpr-grid-item elementor-clearfix post-4032 post type-post status-publish format-standard has-post-thumbnail hentry category-najnowsze category-nasi-podopieczni latest_post\"><div class=\"wpr-grid-item-inner\"><div class=\"wpr-grid-media-wrap wpr-blur-in wpr-effect-size-small \" data-overlay-link=\"yes\"><div class=\"wpr-grid-image-wrap\" data-src=\"https:\/\/dobrodziejdzieci.pl\/wp-content\/uploads\/2026\/05\/IMG_0957-374x249.jpeg\" data-img-on-hover=\"\"  data-src-secondary=\"\"><img decoding=\"async\" data-no-lazy=\"1\" src=\"https:\/\/dobrodziejdzieci.pl\/wp-content\/uploads\/2026\/05\/IMG_0957-374x249.jpeg\" alt=\"Kolejna szcz\u0119\u015bliwa rodzina\" class=\"wpr-anim-timing-ease-default\"><\/div><div class=\"wpr-grid-media-hover wpr-animation-wrap\"><div class=\"wpr-grid-media-hover-bg  wpr-overlay-fade-in wpr-anim-size-large wpr-anim-timing-ease-default wpr-anim-transparency\" data-url=\"https:\/\/dobrodziejdzieci.pl\/?p=4032\"><\/div><\/div><\/div><div class=\"wpr-grid-item-below-content elementor-clearfix\"><div class=\"wpr-grid-item-date elementor-repeater-item-0e825a9 wpr-grid-item-display-inline wpr-grid-item-align-left\"><div class=\"inner-block\"><span><span class=\"wpr-grid-extra-text-left\">~<\/span>23\/04\/2026<\/span><\/div><\/div><h2 class=\"wpr-grid-item-title elementor-repeater-item-3a17c93 wpr-grid-item-display-block wpr-grid-item-align-left wpr-pointer-none wpr-pointer-line-fx wpr-pointer-fx-fade\"><div class=\"inner-block\"><a target=\"_self\"  href=\"https:\/\/dobrodziejdzieci.pl\/?p=4032\">Kolejna szcz\u0119\u015bliwa rodzina<\/a><\/div><\/h2><div class=\"wpr-grid-item-excerpt elementor-repeater-item-90db554 wpr-grid-item-display-block wpr-grid-item-align-left\"><div class=\"inner-block\"><p>Kolejna dobra wiadomo\u015b\u0107! Dobrodziej Dzieci zakupi\u0142 dla rodziny pralk\u0119. Cieszymy si\u0119, \u017ce mo\u017cemy&hellip;<\/p><\/div><\/div><\/div><\/div><\/article><article class=\"wpr-grid-item elementor-clearfix post-3926 post type-post status-publish format-standard has-post-thumbnail hentry category-najnowsze category-nasi-podopieczni latest_post\"><div class=\"wpr-grid-item-inner\"><div class=\"wpr-grid-media-wrap wpr-blur-in wpr-effect-size-small \" data-overlay-link=\"yes\"><div class=\"wpr-grid-image-wrap\" data-src=\"https:\/\/dobrodziejdzieci.pl\/wp-content\/uploads\/2026\/04\/IMG_0773-374x249.jpeg\" data-img-on-hover=\"\"  data-src-secondary=\"\"><img decoding=\"async\" data-no-lazy=\"1\" src=\"https:\/\/dobrodziejdzieci.pl\/wp-content\/uploads\/2026\/04\/IMG_0773-374x249.jpeg\" alt=\"Koleja szcz\u0119\u015bliwa rodzina\" class=\"wpr-anim-timing-ease-default\"><\/div><div class=\"wpr-grid-media-hover wpr-animation-wrap\"><div class=\"wpr-grid-media-hover-bg  wpr-overlay-fade-in wpr-anim-size-large wpr-anim-timing-ease-default wpr-anim-transparency\" data-url=\"https:\/\/dobrodziejdzieci.pl\/?p=3926\"><\/div><\/div><\/div><div class=\"wpr-grid-item-below-content elementor-clearfix\"><div class=\"wpr-grid-item-date elementor-repeater-item-0e825a9 wpr-grid-item-display-inline wpr-grid-item-align-left\"><div class=\"inner-block\"><span><span class=\"wpr-grid-extra-text-left\">~<\/span>20\/04\/2026<\/span><\/div><\/div><h2 class=\"wpr-grid-item-title elementor-repeater-item-3a17c93 wpr-grid-item-display-block wpr-grid-item-align-left wpr-pointer-none wpr-pointer-line-fx wpr-pointer-fx-fade\"><div class=\"inner-block\"><a target=\"_self\"  href=\"https:\/\/dobrodziejdzieci.pl\/?p=3926\">Koleja szcz\u0119\u015bliwa rodzina<\/a><\/div><\/h2><div class=\"wpr-grid-item-excerpt elementor-repeater-item-90db554 wpr-grid-item-display-block wpr-grid-item-align-left\"><div class=\"inner-block\"><p>Szcz\u0119\u015bliwi ch\u0142opcy i ich mama dzi\u0119kuj\u0105 za pralk\u0119 oraz nowe \u0142\u00f3\u017cko, kt\u00f3re zakupi\u0142&hellip;<\/p><\/div><\/div><\/div><\/div><\/article><article class=\"wpr-grid-item elementor-clearfix post-3922 post type-post status-publish format-standard has-post-thumbnail hentry category-najnowsze category-nasi-podopieczni latest_post\"><div class=\"wpr-grid-item-inner\"><div class=\"wpr-grid-media-wrap wpr-blur-in wpr-effect-size-small \" data-overlay-link=\"yes\"><div class=\"wpr-grid-image-wrap\" data-src=\"https:\/\/dobrodziejdzieci.pl\/wp-content\/uploads\/2026\/04\/IMG_0771-374x249.jpeg\" data-img-on-hover=\"\"  data-src-secondary=\"\"><img decoding=\"async\" data-no-lazy=\"1\" src=\"https:\/\/dobrodziejdzieci.pl\/wp-content\/uploads\/2026\/04\/IMG_0771-374x249.jpeg\" alt=\"Potrzebna pomoc\" class=\"wpr-anim-timing-ease-default\"><\/div><div class=\"wpr-grid-media-hover wpr-animation-wrap\"><div class=\"wpr-grid-media-hover-bg  wpr-overlay-fade-in wpr-anim-size-large wpr-anim-timing-ease-default wpr-anim-transparency\" data-url=\"https:\/\/dobrodziejdzieci.pl\/?p=3922\"><\/div><\/div><\/div><div class=\"wpr-grid-item-below-content elementor-clearfix\"><div class=\"wpr-grid-item-date elementor-repeater-item-0e825a9 wpr-grid-item-display-inline wpr-grid-item-align-left\"><div class=\"inner-block\"><span><span class=\"wpr-grid-extra-text-left\">~<\/span>20\/04\/2026<\/span><\/div><\/div><h2 class=\"wpr-grid-item-title elementor-repeater-item-3a17c93 wpr-grid-item-display-block wpr-grid-item-align-left wpr-pointer-none wpr-pointer-line-fx wpr-pointer-fx-fade\"><div class=\"inner-block\"><a target=\"_self\"  href=\"https:\/\/dobrodziejdzieci.pl\/?p=3922\">Potrzebna pomoc<\/a><\/div><\/h2><div class=\"wpr-grid-item-excerpt elementor-repeater-item-90db554 wpr-grid-item-display-block wpr-grid-item-align-left\"><div class=\"inner-block\"><p>Dobrodziej Dzieci z wizyt\u0105 u mamy samotnie wychowujacej troje dzieci. Pilnie potrzebna pralka&hellip;<\/p><\/div><\/div><\/div><\/div><\/article><article class=\"wpr-grid-item elementor-clearfix post-3917 post type-post status-publish format-standard has-post-thumbnail hentry category-najnowsze category-nasi-podopieczni latest_post\"><div class=\"wpr-grid-item-inner\"><div class=\"wpr-grid-media-wrap wpr-blur-in wpr-effect-size-small \" data-overlay-link=\"yes\"><div class=\"wpr-grid-image-wrap\" data-src=\"https:\/\/dobrodziejdzieci.pl\/wp-content\/uploads\/2026\/04\/IMG_0770-374x249.jpeg\" data-img-on-hover=\"\"  data-src-secondary=\"\"><img decoding=\"async\" data-no-lazy=\"1\" src=\"https:\/\/dobrodziejdzieci.pl\/wp-content\/uploads\/2026\/04\/IMG_0770-374x249.jpeg\" alt=\"Wizyta u rodziny\" class=\"wpr-anim-timing-ease-default\"><\/div><div class=\"wpr-grid-media-hover wpr-animation-wrap\"><div class=\"wpr-grid-media-hover-bg  wpr-overlay-fade-in wpr-anim-size-large wpr-anim-timing-ease-default wpr-anim-transparency\" data-url=\"https:\/\/dobrodziejdzieci.pl\/?p=3917\"><\/div><\/div><\/div><div class=\"wpr-grid-item-below-content elementor-clearfix\"><div class=\"wpr-grid-item-date elementor-repeater-item-0e825a9 wpr-grid-item-display-inline wpr-grid-item-align-left\"><div class=\"inner-block\"><span><span class=\"wpr-grid-extra-text-left\">~<\/span>20\/04\/2026<\/span><\/div><\/div><h2 class=\"wpr-grid-item-title elementor-repeater-item-3a17c93 wpr-grid-item-display-block wpr-grid-item-align-left wpr-pointer-none wpr-pointer-line-fx wpr-pointer-fx-fade\"><div class=\"inner-block\"><a target=\"_self\"  href=\"https:\/\/dobrodziejdzieci.pl\/?p=3917\">Wizyta u rodziny<\/a><\/div><\/h2><div class=\"wpr-grid-item-excerpt elementor-repeater-item-90db554 wpr-grid-item-display-block wpr-grid-item-align-left\"><div class=\"inner-block\"><p>Dobrodziej Dzieci by\u0142 z wizyt\u0105 u rodziny. Tata (33 lata) mia\u0142 wypadek i&hellip;<\/p><\/div><\/div><\/div><\/div><\/article><article class=\"wpr-grid-item elementor-clearfix post-3912 post type-post status-publish format-standard has-post-thumbnail hentry category-najnowsze category-nasi-podopieczni latest_post\"><div class=\"wpr-grid-item-inner\"><div class=\"wpr-grid-media-wrap wpr-blur-in wpr-effect-size-small \" data-overlay-link=\"yes\"><div class=\"wpr-grid-image-wrap\" data-src=\"https:\/\/dobrodziejdzieci.pl\/wp-content\/uploads\/2026\/04\/IMG_0768-374x249.jpeg\" data-img-on-hover=\"\"  data-src-secondary=\"\"><img decoding=\"async\" data-no-lazy=\"1\" src=\"https:\/\/dobrodziejdzieci.pl\/wp-content\/uploads\/2026\/04\/IMG_0768-374x249.jpeg\" alt=\"Pom\u00f3c rodzinie zim\u0105\" class=\"wpr-anim-timing-ease-default\"><\/div><div class=\"wpr-grid-media-hover wpr-animation-wrap\"><div class=\"wpr-grid-media-hover-bg  wpr-overlay-fade-in wpr-anim-size-large wpr-anim-timing-ease-default wpr-anim-transparency\" data-url=\"https:\/\/dobrodziejdzieci.pl\/?p=3912\"><\/div><\/div><\/div><div class=\"wpr-grid-item-below-content elementor-clearfix\"><div class=\"wpr-grid-item-date elementor-repeater-item-0e825a9 wpr-grid-item-display-inline wpr-grid-item-align-left\"><div class=\"inner-block\"><span><span class=\"wpr-grid-extra-text-left\">~<\/span>20\/04\/2026<\/span><\/div><\/div><h2 class=\"wpr-grid-item-title elementor-repeater-item-3a17c93 wpr-grid-item-display-block wpr-grid-item-align-left wpr-pointer-none wpr-pointer-line-fx wpr-pointer-fx-fade\"><div class=\"inner-block\"><a target=\"_self\"  href=\"https:\/\/dobrodziejdzieci.pl\/?p=3912\">Pom\u00f3c rodzinie zim\u0105<\/a><\/div><\/h2><div class=\"wpr-grid-item-excerpt elementor-repeater-item-90db554 wpr-grid-item-display-block wpr-grid-item-align-left\"><div class=\"inner-block\"><p>Dobrodziej Dzieci zakupi\u0142 ton\u0119 w\u0119gla mamie wychowuj\u0105cej samotnie troje dzieci. Jak zwykle cieszymy&hellip;<\/p><\/div><\/div><\/div><\/div><\/article><article class=\"wpr-grid-item elementor-clearfix post-3907 post type-post status-publish format-standard has-post-thumbnail hentry category-najnowsze category-nasi-podopieczni latest_post\"><div class=\"wpr-grid-item-inner\"><div class=\"wpr-grid-media-wrap wpr-blur-in wpr-effect-size-small \" data-overlay-link=\"yes\"><div class=\"wpr-grid-image-wrap\" data-src=\"https:\/\/dobrodziejdzieci.pl\/wp-content\/uploads\/2026\/04\/IMG_0764-374x249.jpeg\" data-img-on-hover=\"\"  data-src-secondary=\"\"><img decoding=\"async\" data-no-lazy=\"1\" src=\"https:\/\/dobrodziejdzieci.pl\/wp-content\/uploads\/2026\/04\/IMG_0764-374x249.jpeg\" alt=\"Zakup w\u0119gla\" class=\"wpr-anim-timing-ease-default\"><\/div><div class=\"wpr-grid-media-hover wpr-animation-wrap\"><div class=\"wpr-grid-media-hover-bg  wpr-overlay-fade-in wpr-anim-size-large wpr-anim-timing-ease-default wpr-anim-transparency\" data-url=\"https:\/\/dobrodziejdzieci.pl\/?p=3907\"><\/div><\/div><\/div><div class=\"wpr-grid-item-below-content elementor-clearfix\"><div class=\"wpr-grid-item-date elementor-repeater-item-0e825a9 wpr-grid-item-display-inline wpr-grid-item-align-left\"><div class=\"inner-block\"><span><span class=\"wpr-grid-extra-text-left\">~<\/span>20\/04\/2026<\/span><\/div><\/div><h2 class=\"wpr-grid-item-title elementor-repeater-item-3a17c93 wpr-grid-item-display-block wpr-grid-item-align-left wpr-pointer-none wpr-pointer-line-fx wpr-pointer-fx-fade\"><div class=\"inner-block\"><a target=\"_self\"  href=\"https:\/\/dobrodziejdzieci.pl\/?p=3907\">Zakup w\u0119gla<\/a><\/div><\/h2><div class=\"wpr-grid-item-excerpt elementor-repeater-item-90db554 wpr-grid-item-display-block wpr-grid-item-align-left\"><div class=\"inner-block\"><p>Tegoroczna zima okaza\u0142a si\u0119 bardzo sroga, w zwi\u0105zku z czym Dobrodziej Dzieci przyby\u0142&hellip;<\/p><\/div><\/div><\/div><\/div><\/article><\/section><div class=\"wpr-grid-pagination elementor-clearfix wpr-grid-pagination-load-more\"><a href=\"https:\/\/dobrodziejdzieci.pl\/index.php?rest_route=%2Fwp%2Fv2%2Fpages%2F2952&#038;paged=2\" class=\"wpr-load-more-btn\" data-e-disable-page-transition >Wi\u0119cej<\/a><div class=\"wpr-pagination-loading\"><div class=\"wpr-wave\"><div class=\"wpr-rect wpr-rect1\"><\/div><div class=\"wpr-rect wpr-rect2\"><\/div><div class=\"wpr-rect wpr-rect3\"><\/div><div class=\"wpr-rect wpr-rect4\"><\/div><div class=\"wpr-rect wpr-rect5\"><\/div><\/div><\/div><p class=\"wpr-pagination-finish\">Koniec aktualno\u015bci<\/p><\/div>\t\t\t\t<\/div>\n\t\t\t\t<\/div>\n\t\t\t\t\t<\/div>\n\t\t\t\t<\/div>\n\t\t\t\t<\/div>\n\t\t","protected":false},"excerpt":{"rendered":"<p>Nasi Podopieczni All Posts Nasi Podopieczni ~2024-12-08 Pomoc dla Natalki Pomoc dla Natalki Dobrodziej Dzieci odwiedzi\u0142 Natalk\u0119 i jej rodzin\u0119. Mi\u0142a Dziewczynka ma&hellip; ~2024-12-08 Pomoc dla naszego podopiecznego Micha\u0142ka Pomoc dla naszego podopiecznego Micha\u0142ka Nasz podopieczny Micha\u0142ek. Dobrodziej Dzieci przyjecha\u0142 z wizyt\u0105&hellip; ~2024-12-04 Pomoc dla potrzebuj\u0105cej rodziny Pomoc dla potrzebuj\u0105cej rodziny \u00a0Dotar\u0142 do bardzo dzielnej &hellip; <\/p>\n","protected":false},"author":1,"featured_media":0,"parent":0,"menu_order":0,"comment_status":"closed","ping_status":"closed","template":"","meta":{"iawp_total_views":84,"footnotes":""},"class_list":["post-2952","page","type-page","status-publish","hentry","latest_post"],"_links":{"self":[{"href":"https:\/\/dobrodziejdzieci.pl\/index.php?rest_route=\/wp\/v2\/pages\/2952","targetHints":{"allow":["GET"]}}],"collection":[{"href":"https:\/\/dobrodziejdzieci.pl\/index.php?rest_route=\/wp\/v2\/pages"}],"about":[{"href":"https:\/\/dobrodziejdzieci.pl\/index.php?rest_route=\/wp\/v2\/types\/page"}],"author":[{"embeddable":true,"href":"https:\/\/dobrodziejdzieci.pl\/index.php?rest_route=\/wp\/v2\/users\/1"}],"replies":[{"embeddable":true,"href":"https:\/\/dobrodziejdzieci.pl\/index.php?rest_route=%2Fwp%2Fv2%2Fcomments&post=2952"}],"version-history":[{"count":0,"href":"https:\/\/dobrodziejdzieci.pl\/index.php?rest_route=\/wp\/v2\/pages\/2952\/revisions"}],"wp:attachment":[{"href":"https:\/\/dobrodziejdzieci.pl\/index.php?rest_route=%2Fwp%2Fv2%2Fmedia&parent=2952"}],"curies":[{"name":"wp","href":"https:\/\/api.w.org\/{rel}","templated":true}]}}